{"id":52168,"date":"2026-04-14T09:26:36","date_gmt":"2026-04-14T07:26:36","guid":{"rendered":"https:\/\/www.marielngeffray.com\/?post_type=product&#038;p=52168"},"modified":"2026-04-14T09:27:22","modified_gmt":"2026-04-14T07:27:22","slug":"couverture-de-classeur-a5-orange-eclor-1-mecanisme-de-classeur-6-anneaux","status":"publish","type":"product","link":"https:\/\/www.marielngeffray.com\/index.php\/produit\/couverture-de-classeur-a5-orange-eclor-1-mecanisme-de-classeur-6-anneaux\/","title":{"rendered":"Couverture de classeur A5 \u00ab orange \u00bb &#8211; Ecl&rsquo;Or + 1 m\u00e9canisme de classeur 6 anneaux"},"content":{"rendered":"","protected":false},"excerpt":{"rendered":"<p>Couverture cartonn\u00e9 de classeur format A5, \u00ab orange \u00bb coordonn\u00e9e \u00e0 la collection \u00ab Ecl&rsquo;Or \u00bb ainsi qu\u2019un m\u00e9canisme de classeur 6 anneaux (blanc ou argent selon les disponibilit\u00e9s) et les vis pour le fixer (\u00e0 l\u2019aide la crop a dile) sur la couverture cartonn\u00e9e.<\/p>\n","protected":false},"featured_media":52165,"comment_status":"open","ping_status":"closed","template":"","meta":[],"product_brand":[],"product_cat":[57,98],"product_tag":[],"class_list":{"0":"post-52168","1":"product","2":"type-product","3":"status-publish","4":"has-post-thumbnail","6":"product_cat-albums-et-pochettes","7":"product_cat-collection-ecl-or","9":"first","10":"instock","11":"taxable","12":"shipping-taxable","13":"purchasable","14":"product-type-simple"},"yoast_head":"<!-- This site is optimized with the Yoast SEO plugin v27.4 - https:\/\/yoast.com\/product\/yoast-seo-wordpress\/ -->\n<title>Couverture de classeur A5 \u00ab orange \u00bb - Ecl&#039;Or + 1 m\u00e9canisme de classeur 6 anneaux -<\/title>\n<meta name=\"robots\" content=\"index, follow, max-snippet:-1, max-image-preview:large, max-video-preview:-1\" \/>\n<link rel=\"canonical\" href=\"https:\/\/www.marielngeffray.com\/index.php\/produit\/couverture-de-classeur-a5-orange-eclor-1-mecanisme-de-classeur-6-anneaux\/\" \/>\n<meta property=\"og:locale\" content=\"fr_FR\" \/>\n<meta property=\"og:type\" content=\"article\" \/>\n<meta property=\"og:title\" content=\"Couverture de classeur A5 \u00ab orange \u00bb - Ecl&#039;Or + 1 m\u00e9canisme de classeur 6 anneaux -\" \/>\n<meta property=\"og:description\" content=\"Couverture cartonn\u00e9 de classeur format A5, \u00ab orange \u00bb coordonn\u00e9e \u00e0 la collection \u00ab Ecl&#039;Or \u00bb ainsi qu\u2019un m\u00e9canisme de classeur 6 anneaux (blanc ou argent selon les disponibilit\u00e9s) et les vis pour le fixer (\u00e0 l\u2019aide la crop a dile) sur la couverture cartonn\u00e9e.\" \/>\n<meta property=\"og:url\" content=\"https:\/\/www.marielngeffray.com\/index.php\/produit\/couverture-de-classeur-a5-orange-eclor-1-mecanisme-de-classeur-6-anneaux\/\" \/>\n<meta property=\"article:publisher\" content=\"https:\/\/www.facebook.com\/marielngeffray\" \/>\n<meta property=\"article:modified_time\" content=\"2026-04-14T07:27:22+00:00\" \/>\n<meta property=\"og:image\" content=\"https:\/\/www.marielngeffray.com\/wp-content\/uploads\/2026\/04\/Classeur-orange-Collection-Ecl-or.jpg\" \/>\n\t<meta property=\"og:image:width\" content=\"794\" \/>\n\t<meta property=\"og:image:height\" content=\"794\" \/>\n\t<meta property=\"og:image:type\" content=\"image\/jpeg\" \/>\n<meta name=\"twitter:card\" content=\"summary_large_image\" \/>\n<meta name=\"twitter:label1\" content=\"Dur\u00e9e de lecture estim\u00e9e\" \/>\n\t<meta name=\"twitter:data1\" content=\"1 minute\" \/>\n<script type=\"application\/ld+json\" class=\"yoast-schema-graph\">{\"@context\":\"https:\\\/\\\/schema.org\",\"@graph\":[{\"@type\":\"WebPage\",\"@id\":\"https:\\\/\\\/www.marielngeffray.com\\\/index.php\\\/produit\\\/couverture-de-classeur-a5-orange-eclor-1-mecanisme-de-classeur-6-anneaux\\\/\",\"url\":\"https:\\\/\\\/www.marielngeffray.com\\\/index.php\\\/produit\\\/couverture-de-classeur-a5-orange-eclor-1-mecanisme-de-classeur-6-anneaux\\\/\",\"name\":\"Couverture de classeur A5 \u00ab orange \u00bb - Ecl'Or + 1 m\u00e9canisme de classeur 6 anneaux -\",\"isPartOf\":{\"@id\":\"https:\\\/\\\/www.marielngeffray.com\\\/#website\"},\"primaryImageOfPage\":{\"@id\":\"https:\\\/\\\/www.marielngeffray.com\\\/index.php\\\/produit\\\/couverture-de-classeur-a5-orange-eclor-1-mecanisme-de-classeur-6-anneaux\\\/#primaryimage\"},\"image\":{\"@id\":\"https:\\\/\\\/www.marielngeffray.com\\\/index.php\\\/produit\\\/couverture-de-classeur-a5-orange-eclor-1-mecanisme-de-classeur-6-anneaux\\\/#primaryimage\"},\"thumbnailUrl\":\"https:\\\/\\\/www.marielngeffray.com\\\/wp-content\\\/uploads\\\/2026\\\/04\\\/Classeur-orange-Collection-Ecl-or.jpg\",\"datePublished\":\"2026-04-14T07:26:36+00:00\",\"dateModified\":\"2026-04-14T07:27:22+00:00\",\"breadcrumb\":{\"@id\":\"https:\\\/\\\/www.marielngeffray.com\\\/index.php\\\/produit\\\/couverture-de-classeur-a5-orange-eclor-1-mecanisme-de-classeur-6-anneaux\\\/#breadcrumb\"},\"inLanguage\":\"fr-FR\",\"potentialAction\":[{\"@type\":\"ReadAction\",\"target\":[\"https:\\\/\\\/www.marielngeffray.com\\\/index.php\\\/produit\\\/couverture-de-classeur-a5-orange-eclor-1-mecanisme-de-classeur-6-anneaux\\\/\"]}]},{\"@type\":\"ImageObject\",\"inLanguage\":\"fr-FR\",\"@id\":\"https:\\\/\\\/www.marielngeffray.com\\\/index.php\\\/produit\\\/couverture-de-classeur-a5-orange-eclor-1-mecanisme-de-classeur-6-anneaux\\\/#primaryimage\",\"url\":\"https:\\\/\\\/www.marielngeffray.com\\\/wp-content\\\/uploads\\\/2026\\\/04\\\/Classeur-orange-Collection-Ecl-or.jpg\",\"contentUrl\":\"https:\\\/\\\/www.marielngeffray.com\\\/wp-content\\\/uploads\\\/2026\\\/04\\\/Classeur-orange-Collection-Ecl-or.jpg\",\"width\":794,\"height\":794},{\"@type\":\"BreadcrumbList\",\"@id\":\"https:\\\/\\\/www.marielngeffray.com\\\/index.php\\\/produit\\\/couverture-de-classeur-a5-orange-eclor-1-mecanisme-de-classeur-6-anneaux\\\/#breadcrumb\",\"itemListElement\":[{\"@type\":\"ListItem\",\"position\":1,\"name\":\"Accueil\",\"item\":\"https:\\\/\\\/www.marielngeffray.com\\\/\"},{\"@type\":\"ListItem\",\"position\":2,\"name\":\"Boutique\",\"item\":\"https:\\\/\\\/www.marielngeffray.com\\\/index.php\\\/boutique\\\/\"},{\"@type\":\"ListItem\",\"position\":3,\"name\":\"Couverture de classeur A5 \u00ab orange \u00bb &#8211; Ecl&rsquo;Or + 1 m\u00e9canisme de classeur 6 anneaux\"}]},{\"@type\":\"WebSite\",\"@id\":\"https:\\\/\\\/www.marielngeffray.com\\\/#website\",\"url\":\"https:\\\/\\\/www.marielngeffray.com\\\/\",\"name\":\"Marie-LN Geffray\",\"description\":\"\",\"publisher\":{\"@id\":\"https:\\\/\\\/www.marielngeffray.com\\\/#organization\"},\"potentialAction\":[{\"@type\":\"SearchAction\",\"target\":{\"@type\":\"EntryPoint\",\"urlTemplate\":\"https:\\\/\\\/www.marielngeffray.com\\\/?s={search_term_string}\"},\"query-input\":{\"@type\":\"PropertyValueSpecification\",\"valueRequired\":true,\"valueName\":\"search_term_string\"}}],\"inLanguage\":\"fr-FR\"},{\"@type\":\"Organization\",\"@id\":\"https:\\\/\\\/www.marielngeffray.com\\\/#organization\",\"name\":\"Marie-LN Geffray\",\"url\":\"https:\\\/\\\/www.marielngeffray.com\\\/\",\"logo\":{\"@type\":\"ImageObject\",\"inLanguage\":\"fr-FR\",\"@id\":\"https:\\\/\\\/www.marielngeffray.com\\\/#\\\/schema\\\/logo\\\/image\\\/\",\"url\":\"https:\\\/\\\/www.marielngeffray.com\\\/wp-content\\\/uploads\\\/2020\\\/06\\\/logo-signature.png\",\"contentUrl\":\"https:\\\/\\\/www.marielngeffray.com\\\/wp-content\\\/uploads\\\/2020\\\/06\\\/logo-signature.png\",\"width\":1091,\"height\":160,\"caption\":\"Marie-LN Geffray\"},\"image\":{\"@id\":\"https:\\\/\\\/www.marielngeffray.com\\\/#\\\/schema\\\/logo\\\/image\\\/\"},\"sameAs\":[\"https:\\\/\\\/www.facebook.com\\\/marielngeffray\",\"https:\\\/\\\/www.instagram.com\\\/marielngeffray\\\/\",\"https:\\\/\\\/www.youtube.com\\\/channel\\\/UCMTVmMDenytpISqEM-Awxcg\"]}]}<\/script>\n<!-- \/ Yoast SEO plugin. -->","yoast_head_json":{"title":"Couverture de classeur A5 \u00ab orange \u00bb - Ecl'Or + 1 m\u00e9canisme de classeur 6 anneaux -","robots":{"index":"index","follow":"follow","max-snippet":"max-snippet:-1","max-image-preview":"max-image-preview:large","max-video-preview":"max-video-preview:-1"},"canonical":"https:\/\/www.marielngeffray.com\/index.php\/produit\/couverture-de-classeur-a5-orange-eclor-1-mecanisme-de-classeur-6-anneaux\/","og_locale":"fr_FR","og_type":"article","og_title":"Couverture de classeur A5 \u00ab orange \u00bb - Ecl'Or + 1 m\u00e9canisme de classeur 6 anneaux -","og_description":"Couverture cartonn\u00e9 de classeur format A5, \u00ab orange \u00bb coordonn\u00e9e \u00e0 la collection \u00ab Ecl'Or \u00bb ainsi qu\u2019un m\u00e9canisme de classeur 6 anneaux (blanc ou argent selon les disponibilit\u00e9s) et les vis pour le fixer (\u00e0 l\u2019aide la crop a dile) sur la couverture cartonn\u00e9e.","og_url":"https:\/\/www.marielngeffray.com\/index.php\/produit\/couverture-de-classeur-a5-orange-eclor-1-mecanisme-de-classeur-6-anneaux\/","article_publisher":"https:\/\/www.facebook.com\/marielngeffray","article_modified_time":"2026-04-14T07:27:22+00:00","og_image":[{"width":794,"height":794,"url":"https:\/\/www.marielngeffray.com\/wp-content\/uploads\/2026\/04\/Classeur-orange-Collection-Ecl-or.jpg","type":"image\/jpeg"}],"twitter_card":"summary_large_image","twitter_misc":{"Dur\u00e9e de lecture estim\u00e9e":"1 minute"},"schema":{"@context":"https:\/\/schema.org","@graph":[{"@type":"WebPage","@id":"https:\/\/www.marielngeffray.com\/index.php\/produit\/couverture-de-classeur-a5-orange-eclor-1-mecanisme-de-classeur-6-anneaux\/","url":"https:\/\/www.marielngeffray.com\/index.php\/produit\/couverture-de-classeur-a5-orange-eclor-1-mecanisme-de-classeur-6-anneaux\/","name":"Couverture de classeur A5 \u00ab orange \u00bb - Ecl'Or + 1 m\u00e9canisme de classeur 6 anneaux -","isPartOf":{"@id":"https:\/\/www.marielngeffray.com\/#website"},"primaryImageOfPage":{"@id":"https:\/\/www.marielngeffray.com\/index.php\/produit\/couverture-de-classeur-a5-orange-eclor-1-mecanisme-de-classeur-6-anneaux\/#primaryimage"},"image":{"@id":"https:\/\/www.marielngeffray.com\/index.php\/produit\/couverture-de-classeur-a5-orange-eclor-1-mecanisme-de-classeur-6-anneaux\/#primaryimage"},"thumbnailUrl":"https:\/\/www.marielngeffray.com\/wp-content\/uploads\/2026\/04\/Classeur-orange-Collection-Ecl-or.jpg","datePublished":"2026-04-14T07:26:36+00:00","dateModified":"2026-04-14T07:27:22+00:00","breadcrumb":{"@id":"https:\/\/www.marielngeffray.com\/index.php\/produit\/couverture-de-classeur-a5-orange-eclor-1-mecanisme-de-classeur-6-anneaux\/#breadcrumb"},"inLanguage":"fr-FR","potentialAction":[{"@type":"ReadAction","target":["https:\/\/www.marielngeffray.com\/index.php\/produit\/couverture-de-classeur-a5-orange-eclor-1-mecanisme-de-classeur-6-anneaux\/"]}]},{"@type":"ImageObject","inLanguage":"fr-FR","@id":"https:\/\/www.marielngeffray.com\/index.php\/produit\/couverture-de-classeur-a5-orange-eclor-1-mecanisme-de-classeur-6-anneaux\/#primaryimage","url":"https:\/\/www.marielngeffray.com\/wp-content\/uploads\/2026\/04\/Classeur-orange-Collection-Ecl-or.jpg","contentUrl":"https:\/\/www.marielngeffray.com\/wp-content\/uploads\/2026\/04\/Classeur-orange-Collection-Ecl-or.jpg","width":794,"height":794},{"@type":"BreadcrumbList","@id":"https:\/\/www.marielngeffray.com\/index.php\/produit\/couverture-de-classeur-a5-orange-eclor-1-mecanisme-de-classeur-6-anneaux\/#breadcrumb","itemListElement":[{"@type":"ListItem","position":1,"name":"Accueil","item":"https:\/\/www.marielngeffray.com\/"},{"@type":"ListItem","position":2,"name":"Boutique","item":"https:\/\/www.marielngeffray.com\/index.php\/boutique\/"},{"@type":"ListItem","position":3,"name":"Couverture de classeur A5 \u00ab orange \u00bb &#8211; Ecl&rsquo;Or + 1 m\u00e9canisme de classeur 6 anneaux"}]},{"@type":"WebSite","@id":"https:\/\/www.marielngeffray.com\/#website","url":"https:\/\/www.marielngeffray.com\/","name":"Marie-LN Geffray","description":"","publisher":{"@id":"https:\/\/www.marielngeffray.com\/#organization"},"potentialAction":[{"@type":"SearchAction","target":{"@type":"EntryPoint","urlTemplate":"https:\/\/www.marielngeffray.com\/?s={search_term_string}"},"query-input":{"@type":"PropertyValueSpecification","valueRequired":true,"valueName":"search_term_string"}}],"inLanguage":"fr-FR"},{"@type":"Organization","@id":"https:\/\/www.marielngeffray.com\/#organization","name":"Marie-LN Geffray","url":"https:\/\/www.marielngeffray.com\/","logo":{"@type":"ImageObject","inLanguage":"fr-FR","@id":"https:\/\/www.marielngeffray.com\/#\/schema\/logo\/image\/","url":"https:\/\/www.marielngeffray.com\/wp-content\/uploads\/2020\/06\/logo-signature.png","contentUrl":"https:\/\/www.marielngeffray.com\/wp-content\/uploads\/2020\/06\/logo-signature.png","width":1091,"height":160,"caption":"Marie-LN Geffray"},"image":{"@id":"https:\/\/www.marielngeffray.com\/#\/schema\/logo\/image\/"},"sameAs":["https:\/\/www.facebook.com\/marielngeffray","https:\/\/www.instagram.com\/marielngeffray\/","https:\/\/www.youtube.com\/channel\/UCMTVmMDenytpISqEM-Awxcg"]}]}},"_links":{"self":[{"href":"https:\/\/www.marielngeffray.com\/index.php\/wp-json\/wp\/v2\/product\/52168","targetHints":{"allow":["GET"]}}],"collection":[{"href":"https:\/\/www.marielngeffray.com\/index.php\/wp-json\/wp\/v2\/product"}],"about":[{"href":"https:\/\/www.marielngeffray.com\/index.php\/wp-json\/wp\/v2\/types\/product"}],"replies":[{"embeddable":true,"href":"https:\/\/www.marielngeffray.com\/index.php\/wp-json\/wp\/v2\/comments?post=52168"}],"wp:featuredmedia":[{"embeddable":true,"href":"https:\/\/www.marielngeffray.com\/index.php\/wp-json\/wp\/v2\/media\/52165"}],"wp:attachment":[{"href":"https:\/\/www.marielngeffray.com\/index.php\/wp-json\/wp\/v2\/media?parent=52168"}],"wp:term":[{"taxonomy":"product_brand","embeddable":true,"href":"https:\/\/www.marielngeffray.com\/index.php\/wp-json\/wp\/v2\/product_brand?post=52168"},{"taxonomy":"product_cat","embeddable":true,"href":"https:\/\/www.marielngeffray.com\/index.php\/wp-json\/wp\/v2\/product_cat?post=52168"},{"taxonomy":"product_tag","embeddable":true,"href":"https:\/\/www.marielngeffray.com\/index.php\/wp-json\/wp\/v2\/product_tag?post=52168"}],"curies":[{"name":"wp","href":"https:\/\/api.w.org\/{rel}","templated":true}]}}