{"id":52154,"date":"2026-04-14T09:08:38","date_gmt":"2026-04-14T07:08:38","guid":{"rendered":"https:\/\/www.marielngeffray.com\/?post_type=product&#038;p=52154"},"modified":"2026-04-14T09:11:13","modified_gmt":"2026-04-14T07:11:13","slug":"collection-de-papiers-ecl-or-ps26","status":"publish","type":"product","link":"https:\/\/www.marielngeffray.com\/index.php\/produit\/collection-de-papiers-ecl-or-ps26\/","title":{"rendered":"Collection de papiers \u00ab\u00a0Ecl&rsquo;or\u00a0\u00bb &#8211; PS26"},"content":{"rendered":"","protected":false},"excerpt":{"rendered":"<p>9 papiers recto \/ verso 30,5 x 31,5 cm, d\u2019\u00e9paisseur 250 gr, plus une planche de cartes type Project Life coordonn\u00e9es \u00e0 la collection \u00ab Ecl&rsquo;Or \u00bb.<\/p>\n","protected":false},"featured_media":52156,"comment_status":"open","ping_status":"closed","template":"","meta":[],"product_brand":[],"product_cat":[98,20],"product_tag":[],"class_list":{"0":"post-52154","1":"product","2":"type-product","3":"status-publish","4":"has-post-thumbnail","6":"product_cat-collection-ecl-or","7":"product_cat-papiers","9":"first","10":"instock","11":"taxable","12":"shipping-taxable","13":"purchasable","14":"product-type-simple"},"yoast_head":"<!-- This site is optimized with the Yoast SEO plugin v27.4 - https:\/\/yoast.com\/product\/yoast-seo-wordpress\/ -->\n<title>Collection de papiers &quot;Ecl&#039;or&quot; - PS26 -<\/title>\n<meta name=\"robots\" content=\"index, follow, max-snippet:-1, max-image-preview:large, max-video-preview:-1\" \/>\n<link rel=\"canonical\" href=\"https:\/\/www.marielngeffray.com\/index.php\/produit\/collection-de-papiers-ecl-or-ps26\/\" \/>\n<meta property=\"og:locale\" content=\"fr_FR\" \/>\n<meta property=\"og:type\" content=\"article\" \/>\n<meta property=\"og:title\" content=\"Collection de papiers &quot;Ecl&#039;or&quot; - PS26 -\" \/>\n<meta property=\"og:description\" content=\"9 papiers recto \/ verso 30,5 x 31,5 cm, d\u2019\u00e9paisseur 250 gr, plus une planche de cartes type Project Life coordonn\u00e9es \u00e0 la collection \u00ab Ecl&#039;Or \u00bb.\" \/>\n<meta property=\"og:url\" content=\"https:\/\/www.marielngeffray.com\/index.php\/produit\/collection-de-papiers-ecl-or-ps26\/\" \/>\n<meta property=\"article:publisher\" content=\"https:\/\/www.facebook.com\/marielngeffray\" \/>\n<meta property=\"article:modified_time\" content=\"2026-04-14T07:11:13+00:00\" \/>\n<meta property=\"og:image\" content=\"https:\/\/www.marielngeffray.com\/wp-content\/uploads\/2026\/04\/Collection-ecl-or-set-de-papiers.jpg\" \/>\n\t<meta property=\"og:image:width\" content=\"794\" \/>\n\t<meta property=\"og:image:height\" content=\"794\" \/>\n\t<meta property=\"og:image:type\" content=\"image\/jpeg\" \/>\n<meta name=\"twitter:card\" content=\"summary_large_image\" \/>\n<meta name=\"twitter:label1\" content=\"Dur\u00e9e de lecture estim\u00e9e\" \/>\n\t<meta name=\"twitter:data1\" content=\"1 minute\" \/>\n<script type=\"application\/ld+json\" class=\"yoast-schema-graph\">{\"@context\":\"https:\\\/\\\/schema.org\",\"@graph\":[{\"@type\":\"WebPage\",\"@id\":\"https:\\\/\\\/www.marielngeffray.com\\\/index.php\\\/produit\\\/collection-de-papiers-ecl-or-ps26\\\/\",\"url\":\"https:\\\/\\\/www.marielngeffray.com\\\/index.php\\\/produit\\\/collection-de-papiers-ecl-or-ps26\\\/\",\"name\":\"Collection de papiers \\\"Ecl'or\\\" - PS26 -\",\"isPartOf\":{\"@id\":\"https:\\\/\\\/www.marielngeffray.com\\\/#website\"},\"primaryImageOfPage\":{\"@id\":\"https:\\\/\\\/www.marielngeffray.com\\\/index.php\\\/produit\\\/collection-de-papiers-ecl-or-ps26\\\/#primaryimage\"},\"image\":{\"@id\":\"https:\\\/\\\/www.marielngeffray.com\\\/index.php\\\/produit\\\/collection-de-papiers-ecl-or-ps26\\\/#primaryimage\"},\"thumbnailUrl\":\"https:\\\/\\\/www.marielngeffray.com\\\/wp-content\\\/uploads\\\/2026\\\/04\\\/Collection-ecl-or-set-de-papiers.jpg\",\"datePublished\":\"2026-04-14T07:08:38+00:00\",\"dateModified\":\"2026-04-14T07:11:13+00:00\",\"breadcrumb\":{\"@id\":\"https:\\\/\\\/www.marielngeffray.com\\\/index.php\\\/produit\\\/collection-de-papiers-ecl-or-ps26\\\/#breadcrumb\"},\"inLanguage\":\"fr-FR\",\"potentialAction\":[{\"@type\":\"ReadAction\",\"target\":[\"https:\\\/\\\/www.marielngeffray.com\\\/index.php\\\/produit\\\/collection-de-papiers-ecl-or-ps26\\\/\"]}]},{\"@type\":\"ImageObject\",\"inLanguage\":\"fr-FR\",\"@id\":\"https:\\\/\\\/www.marielngeffray.com\\\/index.php\\\/produit\\\/collection-de-papiers-ecl-or-ps26\\\/#primaryimage\",\"url\":\"https:\\\/\\\/www.marielngeffray.com\\\/wp-content\\\/uploads\\\/2026\\\/04\\\/Collection-ecl-or-set-de-papiers.jpg\",\"contentUrl\":\"https:\\\/\\\/www.marielngeffray.com\\\/wp-content\\\/uploads\\\/2026\\\/04\\\/Collection-ecl-or-set-de-papiers.jpg\",\"width\":794,\"height\":794},{\"@type\":\"BreadcrumbList\",\"@id\":\"https:\\\/\\\/www.marielngeffray.com\\\/index.php\\\/produit\\\/collection-de-papiers-ecl-or-ps26\\\/#breadcrumb\",\"itemListElement\":[{\"@type\":\"ListItem\",\"position\":1,\"name\":\"Accueil\",\"item\":\"https:\\\/\\\/www.marielngeffray.com\\\/\"},{\"@type\":\"ListItem\",\"position\":2,\"name\":\"Boutique\",\"item\":\"https:\\\/\\\/www.marielngeffray.com\\\/index.php\\\/boutique\\\/\"},{\"@type\":\"ListItem\",\"position\":3,\"name\":\"Collection de papiers \u00ab\u00a0Ecl&rsquo;or\u00a0\u00bb &#8211; PS26\"}]},{\"@type\":\"WebSite\",\"@id\":\"https:\\\/\\\/www.marielngeffray.com\\\/#website\",\"url\":\"https:\\\/\\\/www.marielngeffray.com\\\/\",\"name\":\"Marie-LN Geffray\",\"description\":\"\",\"publisher\":{\"@id\":\"https:\\\/\\\/www.marielngeffray.com\\\/#organization\"},\"potentialAction\":[{\"@type\":\"SearchAction\",\"target\":{\"@type\":\"EntryPoint\",\"urlTemplate\":\"https:\\\/\\\/www.marielngeffray.com\\\/?s={search_term_string}\"},\"query-input\":{\"@type\":\"PropertyValueSpecification\",\"valueRequired\":true,\"valueName\":\"search_term_string\"}}],\"inLanguage\":\"fr-FR\"},{\"@type\":\"Organization\",\"@id\":\"https:\\\/\\\/www.marielngeffray.com\\\/#organization\",\"name\":\"Marie-LN Geffray\",\"url\":\"https:\\\/\\\/www.marielngeffray.com\\\/\",\"logo\":{\"@type\":\"ImageObject\",\"inLanguage\":\"fr-FR\",\"@id\":\"https:\\\/\\\/www.marielngeffray.com\\\/#\\\/schema\\\/logo\\\/image\\\/\",\"url\":\"https:\\\/\\\/www.marielngeffray.com\\\/wp-content\\\/uploads\\\/2020\\\/06\\\/logo-signature.png\",\"contentUrl\":\"https:\\\/\\\/www.marielngeffray.com\\\/wp-content\\\/uploads\\\/2020\\\/06\\\/logo-signature.png\",\"width\":1091,\"height\":160,\"caption\":\"Marie-LN Geffray\"},\"image\":{\"@id\":\"https:\\\/\\\/www.marielngeffray.com\\\/#\\\/schema\\\/logo\\\/image\\\/\"},\"sameAs\":[\"https:\\\/\\\/www.facebook.com\\\/marielngeffray\",\"https:\\\/\\\/www.instagram.com\\\/marielngeffray\\\/\",\"https:\\\/\\\/www.youtube.com\\\/channel\\\/UCMTVmMDenytpISqEM-Awxcg\"]}]}<\/script>\n<!-- \/ Yoast SEO plugin. -->","yoast_head_json":{"title":"Collection de papiers \"Ecl'or\" - PS26 -","robots":{"index":"index","follow":"follow","max-snippet":"max-snippet:-1","max-image-preview":"max-image-preview:large","max-video-preview":"max-video-preview:-1"},"canonical":"https:\/\/www.marielngeffray.com\/index.php\/produit\/collection-de-papiers-ecl-or-ps26\/","og_locale":"fr_FR","og_type":"article","og_title":"Collection de papiers \"Ecl'or\" - PS26 -","og_description":"9 papiers recto \/ verso 30,5 x 31,5 cm, d\u2019\u00e9paisseur 250 gr, plus une planche de cartes type Project Life coordonn\u00e9es \u00e0 la collection \u00ab Ecl'Or \u00bb.","og_url":"https:\/\/www.marielngeffray.com\/index.php\/produit\/collection-de-papiers-ecl-or-ps26\/","article_publisher":"https:\/\/www.facebook.com\/marielngeffray","article_modified_time":"2026-04-14T07:11:13+00:00","og_image":[{"width":794,"height":794,"url":"https:\/\/www.marielngeffray.com\/wp-content\/uploads\/2026\/04\/Collection-ecl-or-set-de-papiers.jpg","type":"image\/jpeg"}],"twitter_card":"summary_large_image","twitter_misc":{"Dur\u00e9e de lecture estim\u00e9e":"1 minute"},"schema":{"@context":"https:\/\/schema.org","@graph":[{"@type":"WebPage","@id":"https:\/\/www.marielngeffray.com\/index.php\/produit\/collection-de-papiers-ecl-or-ps26\/","url":"https:\/\/www.marielngeffray.com\/index.php\/produit\/collection-de-papiers-ecl-or-ps26\/","name":"Collection de papiers \"Ecl'or\" - PS26 -","isPartOf":{"@id":"https:\/\/www.marielngeffray.com\/#website"},"primaryImageOfPage":{"@id":"https:\/\/www.marielngeffray.com\/index.php\/produit\/collection-de-papiers-ecl-or-ps26\/#primaryimage"},"image":{"@id":"https:\/\/www.marielngeffray.com\/index.php\/produit\/collection-de-papiers-ecl-or-ps26\/#primaryimage"},"thumbnailUrl":"https:\/\/www.marielngeffray.com\/wp-content\/uploads\/2026\/04\/Collection-ecl-or-set-de-papiers.jpg","datePublished":"2026-04-14T07:08:38+00:00","dateModified":"2026-04-14T07:11:13+00:00","breadcrumb":{"@id":"https:\/\/www.marielngeffray.com\/index.php\/produit\/collection-de-papiers-ecl-or-ps26\/#breadcrumb"},"inLanguage":"fr-FR","potentialAction":[{"@type":"ReadAction","target":["https:\/\/www.marielngeffray.com\/index.php\/produit\/collection-de-papiers-ecl-or-ps26\/"]}]},{"@type":"ImageObject","inLanguage":"fr-FR","@id":"https:\/\/www.marielngeffray.com\/index.php\/produit\/collection-de-papiers-ecl-or-ps26\/#primaryimage","url":"https:\/\/www.marielngeffray.com\/wp-content\/uploads\/2026\/04\/Collection-ecl-or-set-de-papiers.jpg","contentUrl":"https:\/\/www.marielngeffray.com\/wp-content\/uploads\/2026\/04\/Collection-ecl-or-set-de-papiers.jpg","width":794,"height":794},{"@type":"BreadcrumbList","@id":"https:\/\/www.marielngeffray.com\/index.php\/produit\/collection-de-papiers-ecl-or-ps26\/#breadcrumb","itemListElement":[{"@type":"ListItem","position":1,"name":"Accueil","item":"https:\/\/www.marielngeffray.com\/"},{"@type":"ListItem","position":2,"name":"Boutique","item":"https:\/\/www.marielngeffray.com\/index.php\/boutique\/"},{"@type":"ListItem","position":3,"name":"Collection de papiers \u00ab\u00a0Ecl&rsquo;or\u00a0\u00bb &#8211; PS26"}]},{"@type":"WebSite","@id":"https:\/\/www.marielngeffray.com\/#website","url":"https:\/\/www.marielngeffray.com\/","name":"Marie-LN Geffray","description":"","publisher":{"@id":"https:\/\/www.marielngeffray.com\/#organization"},"potentialAction":[{"@type":"SearchAction","target":{"@type":"EntryPoint","urlTemplate":"https:\/\/www.marielngeffray.com\/?s={search_term_string}"},"query-input":{"@type":"PropertyValueSpecification","valueRequired":true,"valueName":"search_term_string"}}],"inLanguage":"fr-FR"},{"@type":"Organization","@id":"https:\/\/www.marielngeffray.com\/#organization","name":"Marie-LN Geffray","url":"https:\/\/www.marielngeffray.com\/","logo":{"@type":"ImageObject","inLanguage":"fr-FR","@id":"https:\/\/www.marielngeffray.com\/#\/schema\/logo\/image\/","url":"https:\/\/www.marielngeffray.com\/wp-content\/uploads\/2020\/06\/logo-signature.png","contentUrl":"https:\/\/www.marielngeffray.com\/wp-content\/uploads\/2020\/06\/logo-signature.png","width":1091,"height":160,"caption":"Marie-LN Geffray"},"image":{"@id":"https:\/\/www.marielngeffray.com\/#\/schema\/logo\/image\/"},"sameAs":["https:\/\/www.facebook.com\/marielngeffray","https:\/\/www.instagram.com\/marielngeffray\/","https:\/\/www.youtube.com\/channel\/UCMTVmMDenytpISqEM-Awxcg"]}]}},"_links":{"self":[{"href":"https:\/\/www.marielngeffray.com\/index.php\/wp-json\/wp\/v2\/product\/52154","targetHints":{"allow":["GET"]}}],"collection":[{"href":"https:\/\/www.marielngeffray.com\/index.php\/wp-json\/wp\/v2\/product"}],"about":[{"href":"https:\/\/www.marielngeffray.com\/index.php\/wp-json\/wp\/v2\/types\/product"}],"replies":[{"embeddable":true,"href":"https:\/\/www.marielngeffray.com\/index.php\/wp-json\/wp\/v2\/comments?post=52154"}],"wp:featuredmedia":[{"embeddable":true,"href":"https:\/\/www.marielngeffray.com\/index.php\/wp-json\/wp\/v2\/media\/52156"}],"wp:attachment":[{"href":"https:\/\/www.marielngeffray.com\/index.php\/wp-json\/wp\/v2\/media?parent=52154"}],"wp:term":[{"taxonomy":"product_brand","embeddable":true,"href":"https:\/\/www.marielngeffray.com\/index.php\/wp-json\/wp\/v2\/product_brand?post=52154"},{"taxonomy":"product_cat","embeddable":true,"href":"https:\/\/www.marielngeffray.com\/index.php\/wp-json\/wp\/v2\/product_cat?post=52154"},{"taxonomy":"product_tag","embeddable":true,"href":"https:\/\/www.marielngeffray.com\/index.php\/wp-json\/wp\/v2\/product_tag?post=52154"}],"curies":[{"name":"wp","href":"https:\/\/api.w.org\/{rel}","templated":true}]}}