{"id":51590,"date":"2025-08-30T17:09:00","date_gmt":"2025-08-30T15:09:00","guid":{"rendered":"https:\/\/www.marielngeffray.com\/?post_type=product&#038;p=51590"},"modified":"2025-08-30T17:11:46","modified_gmt":"2025-08-30T15:11:46","slug":"pochette-surprise-vacances-petit-appetit","status":"publish","type":"product","link":"https:\/\/www.marielngeffray.com\/index.php\/produit\/pochette-surprise-vacances-petit-appetit\/","title":{"rendered":"Pochette surprise \u00ab\u00a0Vacances\u00a0\u00bb &#8211; Petit app\u00e9tit."},"content":{"rendered":"","protected":false},"excerpt":{"rendered":"<p>Lots de produits (matrices de d\u00e9coupe, tampons, stickers puffy, pochoirs, mots acryliques&#8230;) issus de collections ant\u00e9rieures.<\/p>\n<p>Ni \u00e9changeables, ni remboursables.<\/p>\n<p>Id\u00e9al pour faire d\u00e9couvrir la marque \u00e0 une amie qui ne conna\u00eet pas encore, pour vous \u00e9quiper en produits MLNG si vous d\u00e9couvrez la marque, ou pour vous \u00e9quiper sur une th\u00e9matique particuli\u00e8re.<\/p>\n<p>Valeur des produits contenus dans cette box : 70 \u20ac.<\/p>\n","protected":false},"featured_media":51593,"comment_status":"open","ping_status":"closed","template":"","meta":[],"product_brand":[],"product_cat":[56,61],"product_tag":[],"class_list":{"0":"post-51590","1":"product","2":"type-product","3":"status-publish","4":"has-post-thumbnail","6":"product_cat-box","7":"product_cat-soldes","9":"first","10":"instock","11":"taxable","12":"shipping-taxable","13":"purchasable","14":"product-type-simple"},"yoast_head":"<!-- This site is optimized with the Yoast SEO plugin v27.4 - https:\/\/yoast.com\/product\/yoast-seo-wordpress\/ -->\n<title>Pochette surprise &quot;Vacances&quot; - Petit app\u00e9tit. -<\/title>\n<meta name=\"robots\" content=\"index, follow, max-snippet:-1, max-image-preview:large, max-video-preview:-1\" \/>\n<link rel=\"canonical\" href=\"https:\/\/www.marielngeffray.com\/index.php\/produit\/pochette-surprise-vacances-petit-appetit\/\" \/>\n<meta property=\"og:locale\" content=\"fr_FR\" \/>\n<meta property=\"og:type\" content=\"article\" \/>\n<meta property=\"og:title\" content=\"Pochette surprise &quot;Vacances&quot; - Petit app\u00e9tit. -\" \/>\n<meta property=\"og:description\" content=\"Lots de produits (matrices de d\u00e9coupe, tampons, stickers puffy, pochoirs, mots acryliques...) issus de collections ant\u00e9rieures.  Ni \u00e9changeables, ni remboursables.  Id\u00e9al pour faire d\u00e9couvrir la marque \u00e0 une amie qui ne conna\u00eet pas encore, pour vous \u00e9quiper en produits MLNG si vous d\u00e9couvrez la marque, ou pour vous \u00e9quiper sur une th\u00e9matique particuli\u00e8re.  Valeur des produits contenus dans cette box : 70 \u20ac.\" \/>\n<meta property=\"og:url\" content=\"https:\/\/www.marielngeffray.com\/index.php\/produit\/pochette-surprise-vacances-petit-appetit\/\" \/>\n<meta property=\"article:publisher\" content=\"https:\/\/www.facebook.com\/marielngeffray\" \/>\n<meta property=\"article:modified_time\" content=\"2025-08-30T15:11:46+00:00\" \/>\n<meta property=\"og:image\" content=\"https:\/\/www.marielngeffray.com\/wp-content\/uploads\/2025\/08\/pochettes-surprises-vacances-petit-appetit.jpg\" \/>\n\t<meta property=\"og:image:width\" content=\"794\" \/>\n\t<meta property=\"og:image:height\" content=\"794\" \/>\n\t<meta property=\"og:image:type\" content=\"image\/jpeg\" \/>\n<meta name=\"twitter:card\" content=\"summary_large_image\" \/>\n<meta name=\"twitter:label1\" content=\"Dur\u00e9e de lecture estim\u00e9e\" \/>\n\t<meta name=\"twitter:data1\" content=\"1 minute\" \/>\n<script type=\"application\/ld+json\" class=\"yoast-schema-graph\">{\"@context\":\"https:\\\/\\\/schema.org\",\"@graph\":[{\"@type\":\"WebPage\",\"@id\":\"https:\\\/\\\/www.marielngeffray.com\\\/index.php\\\/produit\\\/pochette-surprise-vacances-petit-appetit\\\/\",\"url\":\"https:\\\/\\\/www.marielngeffray.com\\\/index.php\\\/produit\\\/pochette-surprise-vacances-petit-appetit\\\/\",\"name\":\"Pochette surprise \\\"Vacances\\\" - Petit app\u00e9tit. -\",\"isPartOf\":{\"@id\":\"https:\\\/\\\/www.marielngeffray.com\\\/#website\"},\"primaryImageOfPage\":{\"@id\":\"https:\\\/\\\/www.marielngeffray.com\\\/index.php\\\/produit\\\/pochette-surprise-vacances-petit-appetit\\\/#primaryimage\"},\"image\":{\"@id\":\"https:\\\/\\\/www.marielngeffray.com\\\/index.php\\\/produit\\\/pochette-surprise-vacances-petit-appetit\\\/#primaryimage\"},\"thumbnailUrl\":\"https:\\\/\\\/www.marielngeffray.com\\\/wp-content\\\/uploads\\\/2025\\\/08\\\/pochettes-surprises-vacances-petit-appetit.jpg\",\"datePublished\":\"2025-08-30T15:09:00+00:00\",\"dateModified\":\"2025-08-30T15:11:46+00:00\",\"breadcrumb\":{\"@id\":\"https:\\\/\\\/www.marielngeffray.com\\\/index.php\\\/produit\\\/pochette-surprise-vacances-petit-appetit\\\/#breadcrumb\"},\"inLanguage\":\"fr-FR\",\"potentialAction\":[{\"@type\":\"ReadAction\",\"target\":[\"https:\\\/\\\/www.marielngeffray.com\\\/index.php\\\/produit\\\/pochette-surprise-vacances-petit-appetit\\\/\"]}]},{\"@type\":\"ImageObject\",\"inLanguage\":\"fr-FR\",\"@id\":\"https:\\\/\\\/www.marielngeffray.com\\\/index.php\\\/produit\\\/pochette-surprise-vacances-petit-appetit\\\/#primaryimage\",\"url\":\"https:\\\/\\\/www.marielngeffray.com\\\/wp-content\\\/uploads\\\/2025\\\/08\\\/pochettes-surprises-vacances-petit-appetit.jpg\",\"contentUrl\":\"https:\\\/\\\/www.marielngeffray.com\\\/wp-content\\\/uploads\\\/2025\\\/08\\\/pochettes-surprises-vacances-petit-appetit.jpg\",\"width\":794,\"height\":794},{\"@type\":\"BreadcrumbList\",\"@id\":\"https:\\\/\\\/www.marielngeffray.com\\\/index.php\\\/produit\\\/pochette-surprise-vacances-petit-appetit\\\/#breadcrumb\",\"itemListElement\":[{\"@type\":\"ListItem\",\"position\":1,\"name\":\"Accueil\",\"item\":\"https:\\\/\\\/www.marielngeffray.com\\\/\"},{\"@type\":\"ListItem\",\"position\":2,\"name\":\"Boutique\",\"item\":\"https:\\\/\\\/www.marielngeffray.com\\\/index.php\\\/boutique\\\/\"},{\"@type\":\"ListItem\",\"position\":3,\"name\":\"Pochette surprise \u00ab\u00a0Vacances\u00a0\u00bb &#8211; Petit app\u00e9tit.\"}]},{\"@type\":\"WebSite\",\"@id\":\"https:\\\/\\\/www.marielngeffray.com\\\/#website\",\"url\":\"https:\\\/\\\/www.marielngeffray.com\\\/\",\"name\":\"Marie-LN Geffray\",\"description\":\"\",\"publisher\":{\"@id\":\"https:\\\/\\\/www.marielngeffray.com\\\/#organization\"},\"potentialAction\":[{\"@type\":\"SearchAction\",\"target\":{\"@type\":\"EntryPoint\",\"urlTemplate\":\"https:\\\/\\\/www.marielngeffray.com\\\/?s={search_term_string}\"},\"query-input\":{\"@type\":\"PropertyValueSpecification\",\"valueRequired\":true,\"valueName\":\"search_term_string\"}}],\"inLanguage\":\"fr-FR\"},{\"@type\":\"Organization\",\"@id\":\"https:\\\/\\\/www.marielngeffray.com\\\/#organization\",\"name\":\"Marie-LN Geffray\",\"url\":\"https:\\\/\\\/www.marielngeffray.com\\\/\",\"logo\":{\"@type\":\"ImageObject\",\"inLanguage\":\"fr-FR\",\"@id\":\"https:\\\/\\\/www.marielngeffray.com\\\/#\\\/schema\\\/logo\\\/image\\\/\",\"url\":\"https:\\\/\\\/www.marielngeffray.com\\\/wp-content\\\/uploads\\\/2020\\\/06\\\/logo-signature.png\",\"contentUrl\":\"https:\\\/\\\/www.marielngeffray.com\\\/wp-content\\\/uploads\\\/2020\\\/06\\\/logo-signature.png\",\"width\":1091,\"height\":160,\"caption\":\"Marie-LN Geffray\"},\"image\":{\"@id\":\"https:\\\/\\\/www.marielngeffray.com\\\/#\\\/schema\\\/logo\\\/image\\\/\"},\"sameAs\":[\"https:\\\/\\\/www.facebook.com\\\/marielngeffray\",\"https:\\\/\\\/www.instagram.com\\\/marielngeffray\\\/\",\"https:\\\/\\\/www.youtube.com\\\/channel\\\/UCMTVmMDenytpISqEM-Awxcg\"]}]}<\/script>\n<!-- \/ Yoast SEO plugin. -->","yoast_head_json":{"title":"Pochette surprise \"Vacances\" - Petit app\u00e9tit. -","robots":{"index":"index","follow":"follow","max-snippet":"max-snippet:-1","max-image-preview":"max-image-preview:large","max-video-preview":"max-video-preview:-1"},"canonical":"https:\/\/www.marielngeffray.com\/index.php\/produit\/pochette-surprise-vacances-petit-appetit\/","og_locale":"fr_FR","og_type":"article","og_title":"Pochette surprise \"Vacances\" - Petit app\u00e9tit. -","og_description":"Lots de produits (matrices de d\u00e9coupe, tampons, stickers puffy, pochoirs, mots acryliques...) issus de collections ant\u00e9rieures.  Ni \u00e9changeables, ni remboursables.  Id\u00e9al pour faire d\u00e9couvrir la marque \u00e0 une amie qui ne conna\u00eet pas encore, pour vous \u00e9quiper en produits MLNG si vous d\u00e9couvrez la marque, ou pour vous \u00e9quiper sur une th\u00e9matique particuli\u00e8re.  Valeur des produits contenus dans cette box : 70 \u20ac.","og_url":"https:\/\/www.marielngeffray.com\/index.php\/produit\/pochette-surprise-vacances-petit-appetit\/","article_publisher":"https:\/\/www.facebook.com\/marielngeffray","article_modified_time":"2025-08-30T15:11:46+00:00","og_image":[{"width":794,"height":794,"url":"https:\/\/www.marielngeffray.com\/wp-content\/uploads\/2025\/08\/pochettes-surprises-vacances-petit-appetit.jpg","type":"image\/jpeg"}],"twitter_card":"summary_large_image","twitter_misc":{"Dur\u00e9e de lecture estim\u00e9e":"1 minute"},"schema":{"@context":"https:\/\/schema.org","@graph":[{"@type":"WebPage","@id":"https:\/\/www.marielngeffray.com\/index.php\/produit\/pochette-surprise-vacances-petit-appetit\/","url":"https:\/\/www.marielngeffray.com\/index.php\/produit\/pochette-surprise-vacances-petit-appetit\/","name":"Pochette surprise \"Vacances\" - Petit app\u00e9tit. -","isPartOf":{"@id":"https:\/\/www.marielngeffray.com\/#website"},"primaryImageOfPage":{"@id":"https:\/\/www.marielngeffray.com\/index.php\/produit\/pochette-surprise-vacances-petit-appetit\/#primaryimage"},"image":{"@id":"https:\/\/www.marielngeffray.com\/index.php\/produit\/pochette-surprise-vacances-petit-appetit\/#primaryimage"},"thumbnailUrl":"https:\/\/www.marielngeffray.com\/wp-content\/uploads\/2025\/08\/pochettes-surprises-vacances-petit-appetit.jpg","datePublished":"2025-08-30T15:09:00+00:00","dateModified":"2025-08-30T15:11:46+00:00","breadcrumb":{"@id":"https:\/\/www.marielngeffray.com\/index.php\/produit\/pochette-surprise-vacances-petit-appetit\/#breadcrumb"},"inLanguage":"fr-FR","potentialAction":[{"@type":"ReadAction","target":["https:\/\/www.marielngeffray.com\/index.php\/produit\/pochette-surprise-vacances-petit-appetit\/"]}]},{"@type":"ImageObject","inLanguage":"fr-FR","@id":"https:\/\/www.marielngeffray.com\/index.php\/produit\/pochette-surprise-vacances-petit-appetit\/#primaryimage","url":"https:\/\/www.marielngeffray.com\/wp-content\/uploads\/2025\/08\/pochettes-surprises-vacances-petit-appetit.jpg","contentUrl":"https:\/\/www.marielngeffray.com\/wp-content\/uploads\/2025\/08\/pochettes-surprises-vacances-petit-appetit.jpg","width":794,"height":794},{"@type":"BreadcrumbList","@id":"https:\/\/www.marielngeffray.com\/index.php\/produit\/pochette-surprise-vacances-petit-appetit\/#breadcrumb","itemListElement":[{"@type":"ListItem","position":1,"name":"Accueil","item":"https:\/\/www.marielngeffray.com\/"},{"@type":"ListItem","position":2,"name":"Boutique","item":"https:\/\/www.marielngeffray.com\/index.php\/boutique\/"},{"@type":"ListItem","position":3,"name":"Pochette surprise \u00ab\u00a0Vacances\u00a0\u00bb &#8211; Petit app\u00e9tit."}]},{"@type":"WebSite","@id":"https:\/\/www.marielngeffray.com\/#website","url":"https:\/\/www.marielngeffray.com\/","name":"Marie-LN Geffray","description":"","publisher":{"@id":"https:\/\/www.marielngeffray.com\/#organization"},"potentialAction":[{"@type":"SearchAction","target":{"@type":"EntryPoint","urlTemplate":"https:\/\/www.marielngeffray.com\/?s={search_term_string}"},"query-input":{"@type":"PropertyValueSpecification","valueRequired":true,"valueName":"search_term_string"}}],"inLanguage":"fr-FR"},{"@type":"Organization","@id":"https:\/\/www.marielngeffray.com\/#organization","name":"Marie-LN Geffray","url":"https:\/\/www.marielngeffray.com\/","logo":{"@type":"ImageObject","inLanguage":"fr-FR","@id":"https:\/\/www.marielngeffray.com\/#\/schema\/logo\/image\/","url":"https:\/\/www.marielngeffray.com\/wp-content\/uploads\/2020\/06\/logo-signature.png","contentUrl":"https:\/\/www.marielngeffray.com\/wp-content\/uploads\/2020\/06\/logo-signature.png","width":1091,"height":160,"caption":"Marie-LN Geffray"},"image":{"@id":"https:\/\/www.marielngeffray.com\/#\/schema\/logo\/image\/"},"sameAs":["https:\/\/www.facebook.com\/marielngeffray","https:\/\/www.instagram.com\/marielngeffray\/","https:\/\/www.youtube.com\/channel\/UCMTVmMDenytpISqEM-Awxcg"]}]}},"_links":{"self":[{"href":"https:\/\/www.marielngeffray.com\/index.php\/wp-json\/wp\/v2\/product\/51590","targetHints":{"allow":["GET"]}}],"collection":[{"href":"https:\/\/www.marielngeffray.com\/index.php\/wp-json\/wp\/v2\/product"}],"about":[{"href":"https:\/\/www.marielngeffray.com\/index.php\/wp-json\/wp\/v2\/types\/product"}],"replies":[{"embeddable":true,"href":"https:\/\/www.marielngeffray.com\/index.php\/wp-json\/wp\/v2\/comments?post=51590"}],"wp:featuredmedia":[{"embeddable":true,"href":"https:\/\/www.marielngeffray.com\/index.php\/wp-json\/wp\/v2\/media\/51593"}],"wp:attachment":[{"href":"https:\/\/www.marielngeffray.com\/index.php\/wp-json\/wp\/v2\/media?parent=51590"}],"wp:term":[{"taxonomy":"product_brand","embeddable":true,"href":"https:\/\/www.marielngeffray.com\/index.php\/wp-json\/wp\/v2\/product_brand?post=51590"},{"taxonomy":"product_cat","embeddable":true,"href":"https:\/\/www.marielngeffray.com\/index.php\/wp-json\/wp\/v2\/product_cat?post=51590"},{"taxonomy":"product_tag","embeddable":true,"href":"https:\/\/www.marielngeffray.com\/index.php\/wp-json\/wp\/v2\/product_tag?post=51590"}],"curies":[{"name":"wp","href":"https:\/\/api.w.org\/{rel}","templated":true}]}}