{"id":51030,"date":"2025-04-02T20:00:12","date_gmt":"2025-04-02T18:00:12","guid":{"rendered":"https:\/\/www.marielngeffray.com\/?post_type=product&#038;p=51030"},"modified":"2025-04-03T10:06:59","modified_gmt":"2025-04-03T08:06:59","slug":"sticker-en-relief-primaires-embellissements-puffy-noirs-st16","status":"publish","type":"product","link":"https:\/\/www.marielngeffray.com\/index.php\/produit\/sticker-en-relief-primaires-embellissements-puffy-noirs-st16\/","title":{"rendered":"Sticker en relief \u00ab Primaires \u00bb \u2013 Embellissements puffy noirs ST16"},"content":{"rendered":"","protected":false},"excerpt":{"rendered":"<p>Planche de 374 stickers en relief (puffy) noirs \u2013 Alphabets, \u00e9toiles, c\u0153urs, fl\u00e8ches de diff\u00e9rents formats, dots de diff\u00e9rentes tailles, motifs divers, mots, timbres, diapos, appareils photos&#8230;<\/p>\n","protected":false},"featured_media":51031,"comment_status":"open","ping_status":"closed","template":"","meta":[],"product_brand":[],"product_cat":[70],"product_tag":[],"class_list":{"0":"post-51030","1":"product","2":"type-product","3":"status-publish","4":"has-post-thumbnail","6":"product_cat-stickers","8":"first","9":"instock","10":"taxable","11":"shipping-taxable","12":"purchasable","13":"product-type-simple"},"yoast_head":"<!-- This site is optimized with the Yoast SEO plugin v27.3 - https:\/\/yoast.com\/product\/yoast-seo-wordpress\/ -->\n<title>Sticker en relief \u00ab Primaires \u00bb \u2013 Embellissements puffy noirs ST16 -<\/title>\n<meta name=\"robots\" content=\"index, follow, max-snippet:-1, max-image-preview:large, max-video-preview:-1\" \/>\n<link rel=\"canonical\" href=\"https:\/\/www.marielngeffray.com\/index.php\/produit\/sticker-en-relief-primaires-embellissements-puffy-noirs-st16\/\" \/>\n<meta property=\"og:locale\" content=\"fr_FR\" \/>\n<meta property=\"og:type\" content=\"article\" \/>\n<meta property=\"og:title\" content=\"Sticker en relief \u00ab Primaires \u00bb \u2013 Embellissements puffy noirs ST16 -\" \/>\n<meta property=\"og:description\" content=\"Planche de 374 stickers en relief (puffy) noirs \u2013 Alphabets, \u00e9toiles, c\u0153urs, fl\u00e8ches de diff\u00e9rents formats, dots de diff\u00e9rentes tailles, motifs divers, mots, timbres, diapos, appareils photos...\" \/>\n<meta property=\"og:url\" content=\"https:\/\/www.marielngeffray.com\/index.php\/produit\/sticker-en-relief-primaires-embellissements-puffy-noirs-st16\/\" \/>\n<meta property=\"article:publisher\" content=\"https:\/\/www.facebook.com\/marielngeffray\" \/>\n<meta property=\"article:modified_time\" content=\"2025-04-03T08:06:59+00:00\" \/>\n<meta property=\"og:image\" content=\"https:\/\/www.marielngeffray.com\/wp-content\/uploads\/2025\/04\/puffy-primaires-noirs-01.jpg\" \/>\n\t<meta property=\"og:image:width\" content=\"500\" \/>\n\t<meta property=\"og:image:height\" content=\"500\" \/>\n\t<meta property=\"og:image:type\" content=\"image\/jpeg\" \/>\n<meta name=\"twitter:card\" content=\"summary_large_image\" \/>\n<meta name=\"twitter:label1\" content=\"Dur\u00e9e de lecture estim\u00e9e\" \/>\n\t<meta name=\"twitter:data1\" content=\"1 minute\" \/>\n<script type=\"application\/ld+json\" class=\"yoast-schema-graph\">{\"@context\":\"https:\\\/\\\/schema.org\",\"@graph\":[{\"@type\":\"WebPage\",\"@id\":\"https:\\\/\\\/www.marielngeffray.com\\\/index.php\\\/produit\\\/sticker-en-relief-primaires-embellissements-puffy-noirs-st16\\\/\",\"url\":\"https:\\\/\\\/www.marielngeffray.com\\\/index.php\\\/produit\\\/sticker-en-relief-primaires-embellissements-puffy-noirs-st16\\\/\",\"name\":\"Sticker en relief \u00ab Primaires \u00bb \u2013 Embellissements puffy noirs ST16 -\",\"isPartOf\":{\"@id\":\"https:\\\/\\\/www.marielngeffray.com\\\/#website\"},\"primaryImageOfPage\":{\"@id\":\"https:\\\/\\\/www.marielngeffray.com\\\/index.php\\\/produit\\\/sticker-en-relief-primaires-embellissements-puffy-noirs-st16\\\/#primaryimage\"},\"image\":{\"@id\":\"https:\\\/\\\/www.marielngeffray.com\\\/index.php\\\/produit\\\/sticker-en-relief-primaires-embellissements-puffy-noirs-st16\\\/#primaryimage\"},\"thumbnailUrl\":\"https:\\\/\\\/www.marielngeffray.com\\\/wp-content\\\/uploads\\\/2025\\\/04\\\/puffy-primaires-noirs-01.jpg\",\"datePublished\":\"2025-04-02T18:00:12+00:00\",\"dateModified\":\"2025-04-03T08:06:59+00:00\",\"breadcrumb\":{\"@id\":\"https:\\\/\\\/www.marielngeffray.com\\\/index.php\\\/produit\\\/sticker-en-relief-primaires-embellissements-puffy-noirs-st16\\\/#breadcrumb\"},\"inLanguage\":\"fr-FR\",\"potentialAction\":[{\"@type\":\"ReadAction\",\"target\":[\"https:\\\/\\\/www.marielngeffray.com\\\/index.php\\\/produit\\\/sticker-en-relief-primaires-embellissements-puffy-noirs-st16\\\/\"]}]},{\"@type\":\"ImageObject\",\"inLanguage\":\"fr-FR\",\"@id\":\"https:\\\/\\\/www.marielngeffray.com\\\/index.php\\\/produit\\\/sticker-en-relief-primaires-embellissements-puffy-noirs-st16\\\/#primaryimage\",\"url\":\"https:\\\/\\\/www.marielngeffray.com\\\/wp-content\\\/uploads\\\/2025\\\/04\\\/puffy-primaires-noirs-01.jpg\",\"contentUrl\":\"https:\\\/\\\/www.marielngeffray.com\\\/wp-content\\\/uploads\\\/2025\\\/04\\\/puffy-primaires-noirs-01.jpg\",\"width\":500,\"height\":500},{\"@type\":\"BreadcrumbList\",\"@id\":\"https:\\\/\\\/www.marielngeffray.com\\\/index.php\\\/produit\\\/sticker-en-relief-primaires-embellissements-puffy-noirs-st16\\\/#breadcrumb\",\"itemListElement\":[{\"@type\":\"ListItem\",\"position\":1,\"name\":\"Accueil\",\"item\":\"https:\\\/\\\/www.marielngeffray.com\\\/\"},{\"@type\":\"ListItem\",\"position\":2,\"name\":\"Boutique\",\"item\":\"https:\\\/\\\/www.marielngeffray.com\\\/index.php\\\/boutique\\\/\"},{\"@type\":\"ListItem\",\"position\":3,\"name\":\"Sticker en relief \u00ab Primaires \u00bb \u2013 Embellissements puffy noirs ST16\"}]},{\"@type\":\"WebSite\",\"@id\":\"https:\\\/\\\/www.marielngeffray.com\\\/#website\",\"url\":\"https:\\\/\\\/www.marielngeffray.com\\\/\",\"name\":\"Marie-LN Geffray\",\"description\":\"\",\"publisher\":{\"@id\":\"https:\\\/\\\/www.marielngeffray.com\\\/#organization\"},\"potentialAction\":[{\"@type\":\"SearchAction\",\"target\":{\"@type\":\"EntryPoint\",\"urlTemplate\":\"https:\\\/\\\/www.marielngeffray.com\\\/?s={search_term_string}\"},\"query-input\":{\"@type\":\"PropertyValueSpecification\",\"valueRequired\":true,\"valueName\":\"search_term_string\"}}],\"inLanguage\":\"fr-FR\"},{\"@type\":\"Organization\",\"@id\":\"https:\\\/\\\/www.marielngeffray.com\\\/#organization\",\"name\":\"Marie-LN Geffray\",\"url\":\"https:\\\/\\\/www.marielngeffray.com\\\/\",\"logo\":{\"@type\":\"ImageObject\",\"inLanguage\":\"fr-FR\",\"@id\":\"https:\\\/\\\/www.marielngeffray.com\\\/#\\\/schema\\\/logo\\\/image\\\/\",\"url\":\"https:\\\/\\\/www.marielngeffray.com\\\/wp-content\\\/uploads\\\/2020\\\/06\\\/logo-signature.png\",\"contentUrl\":\"https:\\\/\\\/www.marielngeffray.com\\\/wp-content\\\/uploads\\\/2020\\\/06\\\/logo-signature.png\",\"width\":1091,\"height\":160,\"caption\":\"Marie-LN Geffray\"},\"image\":{\"@id\":\"https:\\\/\\\/www.marielngeffray.com\\\/#\\\/schema\\\/logo\\\/image\\\/\"},\"sameAs\":[\"https:\\\/\\\/www.facebook.com\\\/marielngeffray\",\"https:\\\/\\\/www.instagram.com\\\/marielngeffray\\\/\",\"https:\\\/\\\/www.youtube.com\\\/channel\\\/UCMTVmMDenytpISqEM-Awxcg\"]}]}<\/script>\n<!-- \/ Yoast SEO plugin. -->","yoast_head_json":{"title":"Sticker en relief \u00ab Primaires \u00bb \u2013 Embellissements puffy noirs ST16 -","robots":{"index":"index","follow":"follow","max-snippet":"max-snippet:-1","max-image-preview":"max-image-preview:large","max-video-preview":"max-video-preview:-1"},"canonical":"https:\/\/www.marielngeffray.com\/index.php\/produit\/sticker-en-relief-primaires-embellissements-puffy-noirs-st16\/","og_locale":"fr_FR","og_type":"article","og_title":"Sticker en relief \u00ab Primaires \u00bb \u2013 Embellissements puffy noirs ST16 -","og_description":"Planche de 374 stickers en relief (puffy) noirs \u2013 Alphabets, \u00e9toiles, c\u0153urs, fl\u00e8ches de diff\u00e9rents formats, dots de diff\u00e9rentes tailles, motifs divers, mots, timbres, diapos, appareils photos...","og_url":"https:\/\/www.marielngeffray.com\/index.php\/produit\/sticker-en-relief-primaires-embellissements-puffy-noirs-st16\/","article_publisher":"https:\/\/www.facebook.com\/marielngeffray","article_modified_time":"2025-04-03T08:06:59+00:00","og_image":[{"width":500,"height":500,"url":"https:\/\/www.marielngeffray.com\/wp-content\/uploads\/2025\/04\/puffy-primaires-noirs-01.jpg","type":"image\/jpeg"}],"twitter_card":"summary_large_image","twitter_misc":{"Dur\u00e9e de lecture estim\u00e9e":"1 minute"},"schema":{"@context":"https:\/\/schema.org","@graph":[{"@type":"WebPage","@id":"https:\/\/www.marielngeffray.com\/index.php\/produit\/sticker-en-relief-primaires-embellissements-puffy-noirs-st16\/","url":"https:\/\/www.marielngeffray.com\/index.php\/produit\/sticker-en-relief-primaires-embellissements-puffy-noirs-st16\/","name":"Sticker en relief \u00ab Primaires \u00bb \u2013 Embellissements puffy noirs ST16 -","isPartOf":{"@id":"https:\/\/www.marielngeffray.com\/#website"},"primaryImageOfPage":{"@id":"https:\/\/www.marielngeffray.com\/index.php\/produit\/sticker-en-relief-primaires-embellissements-puffy-noirs-st16\/#primaryimage"},"image":{"@id":"https:\/\/www.marielngeffray.com\/index.php\/produit\/sticker-en-relief-primaires-embellissements-puffy-noirs-st16\/#primaryimage"},"thumbnailUrl":"https:\/\/www.marielngeffray.com\/wp-content\/uploads\/2025\/04\/puffy-primaires-noirs-01.jpg","datePublished":"2025-04-02T18:00:12+00:00","dateModified":"2025-04-03T08:06:59+00:00","breadcrumb":{"@id":"https:\/\/www.marielngeffray.com\/index.php\/produit\/sticker-en-relief-primaires-embellissements-puffy-noirs-st16\/#breadcrumb"},"inLanguage":"fr-FR","potentialAction":[{"@type":"ReadAction","target":["https:\/\/www.marielngeffray.com\/index.php\/produit\/sticker-en-relief-primaires-embellissements-puffy-noirs-st16\/"]}]},{"@type":"ImageObject","inLanguage":"fr-FR","@id":"https:\/\/www.marielngeffray.com\/index.php\/produit\/sticker-en-relief-primaires-embellissements-puffy-noirs-st16\/#primaryimage","url":"https:\/\/www.marielngeffray.com\/wp-content\/uploads\/2025\/04\/puffy-primaires-noirs-01.jpg","contentUrl":"https:\/\/www.marielngeffray.com\/wp-content\/uploads\/2025\/04\/puffy-primaires-noirs-01.jpg","width":500,"height":500},{"@type":"BreadcrumbList","@id":"https:\/\/www.marielngeffray.com\/index.php\/produit\/sticker-en-relief-primaires-embellissements-puffy-noirs-st16\/#breadcrumb","itemListElement":[{"@type":"ListItem","position":1,"name":"Accueil","item":"https:\/\/www.marielngeffray.com\/"},{"@type":"ListItem","position":2,"name":"Boutique","item":"https:\/\/www.marielngeffray.com\/index.php\/boutique\/"},{"@type":"ListItem","position":3,"name":"Sticker en relief \u00ab Primaires \u00bb \u2013 Embellissements puffy noirs ST16"}]},{"@type":"WebSite","@id":"https:\/\/www.marielngeffray.com\/#website","url":"https:\/\/www.marielngeffray.com\/","name":"Marie-LN Geffray","description":"","publisher":{"@id":"https:\/\/www.marielngeffray.com\/#organization"},"potentialAction":[{"@type":"SearchAction","target":{"@type":"EntryPoint","urlTemplate":"https:\/\/www.marielngeffray.com\/?s={search_term_string}"},"query-input":{"@type":"PropertyValueSpecification","valueRequired":true,"valueName":"search_term_string"}}],"inLanguage":"fr-FR"},{"@type":"Organization","@id":"https:\/\/www.marielngeffray.com\/#organization","name":"Marie-LN Geffray","url":"https:\/\/www.marielngeffray.com\/","logo":{"@type":"ImageObject","inLanguage":"fr-FR","@id":"https:\/\/www.marielngeffray.com\/#\/schema\/logo\/image\/","url":"https:\/\/www.marielngeffray.com\/wp-content\/uploads\/2020\/06\/logo-signature.png","contentUrl":"https:\/\/www.marielngeffray.com\/wp-content\/uploads\/2020\/06\/logo-signature.png","width":1091,"height":160,"caption":"Marie-LN Geffray"},"image":{"@id":"https:\/\/www.marielngeffray.com\/#\/schema\/logo\/image\/"},"sameAs":["https:\/\/www.facebook.com\/marielngeffray","https:\/\/www.instagram.com\/marielngeffray\/","https:\/\/www.youtube.com\/channel\/UCMTVmMDenytpISqEM-Awxcg"]}]}},"_links":{"self":[{"href":"https:\/\/www.marielngeffray.com\/index.php\/wp-json\/wp\/v2\/product\/51030","targetHints":{"allow":["GET"]}}],"collection":[{"href":"https:\/\/www.marielngeffray.com\/index.php\/wp-json\/wp\/v2\/product"}],"about":[{"href":"https:\/\/www.marielngeffray.com\/index.php\/wp-json\/wp\/v2\/types\/product"}],"replies":[{"embeddable":true,"href":"https:\/\/www.marielngeffray.com\/index.php\/wp-json\/wp\/v2\/comments?post=51030"}],"wp:featuredmedia":[{"embeddable":true,"href":"https:\/\/www.marielngeffray.com\/index.php\/wp-json\/wp\/v2\/media\/51031"}],"wp:attachment":[{"href":"https:\/\/www.marielngeffray.com\/index.php\/wp-json\/wp\/v2\/media?parent=51030"}],"wp:term":[{"taxonomy":"product_brand","embeddable":true,"href":"https:\/\/www.marielngeffray.com\/index.php\/wp-json\/wp\/v2\/product_brand?post=51030"},{"taxonomy":"product_cat","embeddable":true,"href":"https:\/\/www.marielngeffray.com\/index.php\/wp-json\/wp\/v2\/product_cat?post=51030"},{"taxonomy":"product_tag","embeddable":true,"href":"https:\/\/www.marielngeffray.com\/index.php\/wp-json\/wp\/v2\/product_tag?post=51030"}],"curies":[{"name":"wp","href":"https:\/\/api.w.org\/{rel}","templated":true}]}}