{"id":48237,"date":"2023-03-07T19:30:39","date_gmt":"2023-03-07T18:30:39","guid":{"rendered":"https:\/\/www.marielngeffray.com\/?post_type=product&#038;p=48237"},"modified":"2023-05-29T11:25:07","modified_gmt":"2023-05-29T09:25:07","slug":"lot-de-4-badges-pastelles-ba15","status":"publish","type":"product","link":"https:\/\/www.marielngeffray.com\/index.php\/produit\/lot-de-4-badges-pastelles-ba15\/","title":{"rendered":"Lot de 4 badges \u00ab\u00a0Past&rsquo;elles\u00a0\u00bb &#8211; BA15"},"content":{"rendered":"","protected":false},"excerpt":{"rendered":"<p>4 badges \u00e0 dos plat, de 25 mm de diam\u00e8tre, coordonn\u00e9s \u00e0 la collection \u00ab Past&rsquo;elles \u00bb.<\/p>\n","protected":false},"featured_media":48494,"comment_status":"open","ping_status":"closed","template":"","meta":[],"product_brand":[],"product_cat":[19,62],"product_tag":[],"class_list":{"0":"post-48237","1":"product","2":"type-product","3":"status-publish","4":"has-post-thumbnail","6":"product_cat-badges","7":"product_cat-collection-past-elles","9":"first","10":"instock","11":"taxable","12":"shipping-taxable","13":"purchasable","14":"product-type-simple"},"yoast_head":"<!-- This site is optimized with the Yoast SEO plugin v27.3 - https:\/\/yoast.com\/product\/yoast-seo-wordpress\/ -->\n<title>Lot de 4 badges &quot;Past&#039;elles&quot; - BA15 -<\/title>\n<meta name=\"robots\" content=\"index, follow, max-snippet:-1, max-image-preview:large, max-video-preview:-1\" \/>\n<link rel=\"canonical\" href=\"https:\/\/www.marielngeffray.com\/index.php\/produit\/lot-de-4-badges-pastelles-ba15\/\" \/>\n<meta property=\"og:locale\" content=\"fr_FR\" \/>\n<meta property=\"og:type\" content=\"article\" \/>\n<meta property=\"og:title\" content=\"Lot de 4 badges &quot;Past&#039;elles&quot; - BA15 -\" \/>\n<meta property=\"og:description\" content=\"4 badges \u00e0 dos plat, de 25 mm de diam\u00e8tre, coordonn\u00e9s \u00e0 la collection \u00ab Past&#039;elles \u00bb.\" \/>\n<meta property=\"og:url\" content=\"https:\/\/www.marielngeffray.com\/index.php\/produit\/lot-de-4-badges-pastelles-ba15\/\" \/>\n<meta property=\"article:publisher\" content=\"https:\/\/www.facebook.com\/marielngeffray\" \/>\n<meta property=\"article:modified_time\" content=\"2023-05-29T09:25:07+00:00\" \/>\n<meta property=\"og:image\" content=\"https:\/\/www.marielngeffray.com\/wp-content\/uploads\/2023\/04\/collection-past-elles-badges.jpg\" \/>\n\t<meta property=\"og:image:width\" content=\"794\" \/>\n\t<meta property=\"og:image:height\" content=\"794\" \/>\n\t<meta property=\"og:image:type\" content=\"image\/jpeg\" \/>\n<meta name=\"twitter:card\" content=\"summary_large_image\" \/>\n<script type=\"application\/ld+json\" class=\"yoast-schema-graph\">{\"@context\":\"https:\\\/\\\/schema.org\",\"@graph\":[{\"@type\":\"WebPage\",\"@id\":\"https:\\\/\\\/www.marielngeffray.com\\\/index.php\\\/produit\\\/lot-de-4-badges-pastelles-ba15\\\/\",\"url\":\"https:\\\/\\\/www.marielngeffray.com\\\/index.php\\\/produit\\\/lot-de-4-badges-pastelles-ba15\\\/\",\"name\":\"Lot de 4 badges \\\"Past'elles\\\" - BA15 -\",\"isPartOf\":{\"@id\":\"https:\\\/\\\/www.marielngeffray.com\\\/#website\"},\"primaryImageOfPage\":{\"@id\":\"https:\\\/\\\/www.marielngeffray.com\\\/index.php\\\/produit\\\/lot-de-4-badges-pastelles-ba15\\\/#primaryimage\"},\"image\":{\"@id\":\"https:\\\/\\\/www.marielngeffray.com\\\/index.php\\\/produit\\\/lot-de-4-badges-pastelles-ba15\\\/#primaryimage\"},\"thumbnailUrl\":\"https:\\\/\\\/www.marielngeffray.com\\\/wp-content\\\/uploads\\\/2023\\\/04\\\/collection-past-elles-badges.jpg\",\"datePublished\":\"2023-03-07T18:30:39+00:00\",\"dateModified\":\"2023-05-29T09:25:07+00:00\",\"breadcrumb\":{\"@id\":\"https:\\\/\\\/www.marielngeffray.com\\\/index.php\\\/produit\\\/lot-de-4-badges-pastelles-ba15\\\/#breadcrumb\"},\"inLanguage\":\"fr-FR\",\"potentialAction\":[{\"@type\":\"ReadAction\",\"target\":[\"https:\\\/\\\/www.marielngeffray.com\\\/index.php\\\/produit\\\/lot-de-4-badges-pastelles-ba15\\\/\"]}]},{\"@type\":\"ImageObject\",\"inLanguage\":\"fr-FR\",\"@id\":\"https:\\\/\\\/www.marielngeffray.com\\\/index.php\\\/produit\\\/lot-de-4-badges-pastelles-ba15\\\/#primaryimage\",\"url\":\"https:\\\/\\\/www.marielngeffray.com\\\/wp-content\\\/uploads\\\/2023\\\/04\\\/collection-past-elles-badges.jpg\",\"contentUrl\":\"https:\\\/\\\/www.marielngeffray.com\\\/wp-content\\\/uploads\\\/2023\\\/04\\\/collection-past-elles-badges.jpg\",\"width\":794,\"height\":794},{\"@type\":\"BreadcrumbList\",\"@id\":\"https:\\\/\\\/www.marielngeffray.com\\\/index.php\\\/produit\\\/lot-de-4-badges-pastelles-ba15\\\/#breadcrumb\",\"itemListElement\":[{\"@type\":\"ListItem\",\"position\":1,\"name\":\"Accueil\",\"item\":\"https:\\\/\\\/www.marielngeffray.com\\\/\"},{\"@type\":\"ListItem\",\"position\":2,\"name\":\"Boutique\",\"item\":\"https:\\\/\\\/www.marielngeffray.com\\\/index.php\\\/boutique\\\/\"},{\"@type\":\"ListItem\",\"position\":3,\"name\":\"Lot de 4 badges \u00ab\u00a0Past&rsquo;elles\u00a0\u00bb &#8211; BA15\"}]},{\"@type\":\"WebSite\",\"@id\":\"https:\\\/\\\/www.marielngeffray.com\\\/#website\",\"url\":\"https:\\\/\\\/www.marielngeffray.com\\\/\",\"name\":\"Marie-LN Geffray\",\"description\":\"\",\"publisher\":{\"@id\":\"https:\\\/\\\/www.marielngeffray.com\\\/#organization\"},\"potentialAction\":[{\"@type\":\"SearchAction\",\"target\":{\"@type\":\"EntryPoint\",\"urlTemplate\":\"https:\\\/\\\/www.marielngeffray.com\\\/?s={search_term_string}\"},\"query-input\":{\"@type\":\"PropertyValueSpecification\",\"valueRequired\":true,\"valueName\":\"search_term_string\"}}],\"inLanguage\":\"fr-FR\"},{\"@type\":\"Organization\",\"@id\":\"https:\\\/\\\/www.marielngeffray.com\\\/#organization\",\"name\":\"Marie-LN Geffray\",\"url\":\"https:\\\/\\\/www.marielngeffray.com\\\/\",\"logo\":{\"@type\":\"ImageObject\",\"inLanguage\":\"fr-FR\",\"@id\":\"https:\\\/\\\/www.marielngeffray.com\\\/#\\\/schema\\\/logo\\\/image\\\/\",\"url\":\"https:\\\/\\\/www.marielngeffray.com\\\/wp-content\\\/uploads\\\/2020\\\/06\\\/logo-signature.png\",\"contentUrl\":\"https:\\\/\\\/www.marielngeffray.com\\\/wp-content\\\/uploads\\\/2020\\\/06\\\/logo-signature.png\",\"width\":1091,\"height\":160,\"caption\":\"Marie-LN Geffray\"},\"image\":{\"@id\":\"https:\\\/\\\/www.marielngeffray.com\\\/#\\\/schema\\\/logo\\\/image\\\/\"},\"sameAs\":[\"https:\\\/\\\/www.facebook.com\\\/marielngeffray\",\"https:\\\/\\\/www.instagram.com\\\/marielngeffray\\\/\",\"https:\\\/\\\/www.youtube.com\\\/channel\\\/UCMTVmMDenytpISqEM-Awxcg\"]}]}<\/script>\n<!-- \/ Yoast SEO plugin. -->","yoast_head_json":{"title":"Lot de 4 badges \"Past'elles\" - BA15 -","robots":{"index":"index","follow":"follow","max-snippet":"max-snippet:-1","max-image-preview":"max-image-preview:large","max-video-preview":"max-video-preview:-1"},"canonical":"https:\/\/www.marielngeffray.com\/index.php\/produit\/lot-de-4-badges-pastelles-ba15\/","og_locale":"fr_FR","og_type":"article","og_title":"Lot de 4 badges \"Past'elles\" - BA15 -","og_description":"4 badges \u00e0 dos plat, de 25 mm de diam\u00e8tre, coordonn\u00e9s \u00e0 la collection \u00ab Past'elles \u00bb.","og_url":"https:\/\/www.marielngeffray.com\/index.php\/produit\/lot-de-4-badges-pastelles-ba15\/","article_publisher":"https:\/\/www.facebook.com\/marielngeffray","article_modified_time":"2023-05-29T09:25:07+00:00","og_image":[{"width":794,"height":794,"url":"https:\/\/www.marielngeffray.com\/wp-content\/uploads\/2023\/04\/collection-past-elles-badges.jpg","type":"image\/jpeg"}],"twitter_card":"summary_large_image","schema":{"@context":"https:\/\/schema.org","@graph":[{"@type":"WebPage","@id":"https:\/\/www.marielngeffray.com\/index.php\/produit\/lot-de-4-badges-pastelles-ba15\/","url":"https:\/\/www.marielngeffray.com\/index.php\/produit\/lot-de-4-badges-pastelles-ba15\/","name":"Lot de 4 badges \"Past'elles\" - BA15 -","isPartOf":{"@id":"https:\/\/www.marielngeffray.com\/#website"},"primaryImageOfPage":{"@id":"https:\/\/www.marielngeffray.com\/index.php\/produit\/lot-de-4-badges-pastelles-ba15\/#primaryimage"},"image":{"@id":"https:\/\/www.marielngeffray.com\/index.php\/produit\/lot-de-4-badges-pastelles-ba15\/#primaryimage"},"thumbnailUrl":"https:\/\/www.marielngeffray.com\/wp-content\/uploads\/2023\/04\/collection-past-elles-badges.jpg","datePublished":"2023-03-07T18:30:39+00:00","dateModified":"2023-05-29T09:25:07+00:00","breadcrumb":{"@id":"https:\/\/www.marielngeffray.com\/index.php\/produit\/lot-de-4-badges-pastelles-ba15\/#breadcrumb"},"inLanguage":"fr-FR","potentialAction":[{"@type":"ReadAction","target":["https:\/\/www.marielngeffray.com\/index.php\/produit\/lot-de-4-badges-pastelles-ba15\/"]}]},{"@type":"ImageObject","inLanguage":"fr-FR","@id":"https:\/\/www.marielngeffray.com\/index.php\/produit\/lot-de-4-badges-pastelles-ba15\/#primaryimage","url":"https:\/\/www.marielngeffray.com\/wp-content\/uploads\/2023\/04\/collection-past-elles-badges.jpg","contentUrl":"https:\/\/www.marielngeffray.com\/wp-content\/uploads\/2023\/04\/collection-past-elles-badges.jpg","width":794,"height":794},{"@type":"BreadcrumbList","@id":"https:\/\/www.marielngeffray.com\/index.php\/produit\/lot-de-4-badges-pastelles-ba15\/#breadcrumb","itemListElement":[{"@type":"ListItem","position":1,"name":"Accueil","item":"https:\/\/www.marielngeffray.com\/"},{"@type":"ListItem","position":2,"name":"Boutique","item":"https:\/\/www.marielngeffray.com\/index.php\/boutique\/"},{"@type":"ListItem","position":3,"name":"Lot de 4 badges \u00ab\u00a0Past&rsquo;elles\u00a0\u00bb &#8211; BA15"}]},{"@type":"WebSite","@id":"https:\/\/www.marielngeffray.com\/#website","url":"https:\/\/www.marielngeffray.com\/","name":"Marie-LN Geffray","description":"","publisher":{"@id":"https:\/\/www.marielngeffray.com\/#organization"},"potentialAction":[{"@type":"SearchAction","target":{"@type":"EntryPoint","urlTemplate":"https:\/\/www.marielngeffray.com\/?s={search_term_string}"},"query-input":{"@type":"PropertyValueSpecification","valueRequired":true,"valueName":"search_term_string"}}],"inLanguage":"fr-FR"},{"@type":"Organization","@id":"https:\/\/www.marielngeffray.com\/#organization","name":"Marie-LN Geffray","url":"https:\/\/www.marielngeffray.com\/","logo":{"@type":"ImageObject","inLanguage":"fr-FR","@id":"https:\/\/www.marielngeffray.com\/#\/schema\/logo\/image\/","url":"https:\/\/www.marielngeffray.com\/wp-content\/uploads\/2020\/06\/logo-signature.png","contentUrl":"https:\/\/www.marielngeffray.com\/wp-content\/uploads\/2020\/06\/logo-signature.png","width":1091,"height":160,"caption":"Marie-LN Geffray"},"image":{"@id":"https:\/\/www.marielngeffray.com\/#\/schema\/logo\/image\/"},"sameAs":["https:\/\/www.facebook.com\/marielngeffray","https:\/\/www.instagram.com\/marielngeffray\/","https:\/\/www.youtube.com\/channel\/UCMTVmMDenytpISqEM-Awxcg"]}]}},"_links":{"self":[{"href":"https:\/\/www.marielngeffray.com\/index.php\/wp-json\/wp\/v2\/product\/48237","targetHints":{"allow":["GET"]}}],"collection":[{"href":"https:\/\/www.marielngeffray.com\/index.php\/wp-json\/wp\/v2\/product"}],"about":[{"href":"https:\/\/www.marielngeffray.com\/index.php\/wp-json\/wp\/v2\/types\/product"}],"replies":[{"embeddable":true,"href":"https:\/\/www.marielngeffray.com\/index.php\/wp-json\/wp\/v2\/comments?post=48237"}],"wp:featuredmedia":[{"embeddable":true,"href":"https:\/\/www.marielngeffray.com\/index.php\/wp-json\/wp\/v2\/media\/48494"}],"wp:attachment":[{"href":"https:\/\/www.marielngeffray.com\/index.php\/wp-json\/wp\/v2\/media?parent=48237"}],"wp:term":[{"taxonomy":"product_brand","embeddable":true,"href":"https:\/\/www.marielngeffray.com\/index.php\/wp-json\/wp\/v2\/product_brand?post=48237"},{"taxonomy":"product_cat","embeddable":true,"href":"https:\/\/www.marielngeffray.com\/index.php\/wp-json\/wp\/v2\/product_cat?post=48237"},{"taxonomy":"product_tag","embeddable":true,"href":"https:\/\/www.marielngeffray.com\/index.php\/wp-json\/wp\/v2\/product_tag?post=48237"}],"curies":[{"name":"wp","href":"https:\/\/api.w.org\/{rel}","templated":true}]}}