{"id":47810,"date":"2022-10-27T12:04:44","date_gmt":"2022-10-27T10:04:44","guid":{"rendered":"https:\/\/www.marielngeffray.com\/?post_type=product&#038;p=47810"},"modified":"2022-10-27T12:06:27","modified_gmt":"2022-10-27T10:06:27","slug":"fiche-technique-mini-album-ensemble-a-telecharger","status":"publish","type":"product","link":"https:\/\/www.marielngeffray.com\/index.php\/produit\/fiche-technique-mini-album-ensemble-a-telecharger\/","title":{"rendered":"Fiche technique &#8211; Mini album \u00ab\u00a0Ensemble\u00a0\u00bb \u00e0 t\u00e9l\u00e9charger"},"content":{"rendered":"","protected":false},"excerpt":{"rendered":"","protected":false},"featured_media":47814,"comment_status":"open","ping_status":"closed","template":"","meta":[],"product_brand":[],"product_cat":[54,23],"product_tag":[],"class_list":{"0":"post-47810","1":"product","2":"type-product","3":"status-publish","4":"has-post-thumbnail","6":"product_cat-collection-naturailes","7":"product_cat-fiches-techniques","9":"first","10":"instock","11":"downloadable","12":"taxable","13":"shipping-taxable","14":"purchasable","15":"product-type-simple"},"yoast_head":"<!-- This site is optimized with the Yoast SEO plugin v27.3 - https:\/\/yoast.com\/product\/yoast-seo-wordpress\/ -->\n<title>Fiche technique - Mini album &quot;Ensemble&quot; \u00e0 t\u00e9l\u00e9charger -<\/title>\n<meta name=\"robots\" content=\"index, follow, max-snippet:-1, max-image-preview:large, max-video-preview:-1\" \/>\n<link rel=\"canonical\" href=\"https:\/\/www.marielngeffray.com\/index.php\/produit\/fiche-technique-mini-album-ensemble-a-telecharger\/\" \/>\n<meta property=\"og:locale\" content=\"fr_FR\" \/>\n<meta property=\"og:type\" content=\"article\" \/>\n<meta property=\"og:title\" content=\"Fiche technique - Mini album &quot;Ensemble&quot; \u00e0 t\u00e9l\u00e9charger -\" \/>\n<meta property=\"og:url\" content=\"https:\/\/www.marielngeffray.com\/index.php\/produit\/fiche-technique-mini-album-ensemble-a-telecharger\/\" \/>\n<meta property=\"article:publisher\" content=\"https:\/\/www.facebook.com\/marielngeffray\" \/>\n<meta property=\"article:modified_time\" content=\"2022-10-27T10:06:27+00:00\" \/>\n<meta property=\"og:image\" content=\"https:\/\/www.marielngeffray.com\/wp-content\/uploads\/2022\/10\/mini-album-ensemble-visuel-red.jpg\" \/>\n\t<meta property=\"og:image:width\" content=\"480\" \/>\n\t<meta property=\"og:image:height\" content=\"700\" \/>\n\t<meta property=\"og:image:type\" content=\"image\/jpeg\" \/>\n<meta name=\"twitter:card\" content=\"summary_large_image\" \/>\n<script type=\"application\/ld+json\" class=\"yoast-schema-graph\">{\"@context\":\"https:\\\/\\\/schema.org\",\"@graph\":[{\"@type\":\"WebPage\",\"@id\":\"https:\\\/\\\/www.marielngeffray.com\\\/index.php\\\/produit\\\/fiche-technique-mini-album-ensemble-a-telecharger\\\/\",\"url\":\"https:\\\/\\\/www.marielngeffray.com\\\/index.php\\\/produit\\\/fiche-technique-mini-album-ensemble-a-telecharger\\\/\",\"name\":\"Fiche technique - Mini album \\\"Ensemble\\\" \u00e0 t\u00e9l\u00e9charger -\",\"isPartOf\":{\"@id\":\"https:\\\/\\\/www.marielngeffray.com\\\/#website\"},\"primaryImageOfPage\":{\"@id\":\"https:\\\/\\\/www.marielngeffray.com\\\/index.php\\\/produit\\\/fiche-technique-mini-album-ensemble-a-telecharger\\\/#primaryimage\"},\"image\":{\"@id\":\"https:\\\/\\\/www.marielngeffray.com\\\/index.php\\\/produit\\\/fiche-technique-mini-album-ensemble-a-telecharger\\\/#primaryimage\"},\"thumbnailUrl\":\"https:\\\/\\\/www.marielngeffray.com\\\/wp-content\\\/uploads\\\/2022\\\/10\\\/mini-album-ensemble-visuel-red.jpg\",\"datePublished\":\"2022-10-27T10:04:44+00:00\",\"dateModified\":\"2022-10-27T10:06:27+00:00\",\"breadcrumb\":{\"@id\":\"https:\\\/\\\/www.marielngeffray.com\\\/index.php\\\/produit\\\/fiche-technique-mini-album-ensemble-a-telecharger\\\/#breadcrumb\"},\"inLanguage\":\"fr-FR\",\"potentialAction\":[{\"@type\":\"ReadAction\",\"target\":[\"https:\\\/\\\/www.marielngeffray.com\\\/index.php\\\/produit\\\/fiche-technique-mini-album-ensemble-a-telecharger\\\/\"]}]},{\"@type\":\"ImageObject\",\"inLanguage\":\"fr-FR\",\"@id\":\"https:\\\/\\\/www.marielngeffray.com\\\/index.php\\\/produit\\\/fiche-technique-mini-album-ensemble-a-telecharger\\\/#primaryimage\",\"url\":\"https:\\\/\\\/www.marielngeffray.com\\\/wp-content\\\/uploads\\\/2022\\\/10\\\/mini-album-ensemble-visuel-red.jpg\",\"contentUrl\":\"https:\\\/\\\/www.marielngeffray.com\\\/wp-content\\\/uploads\\\/2022\\\/10\\\/mini-album-ensemble-visuel-red.jpg\",\"width\":480,\"height\":700},{\"@type\":\"BreadcrumbList\",\"@id\":\"https:\\\/\\\/www.marielngeffray.com\\\/index.php\\\/produit\\\/fiche-technique-mini-album-ensemble-a-telecharger\\\/#breadcrumb\",\"itemListElement\":[{\"@type\":\"ListItem\",\"position\":1,\"name\":\"Accueil\",\"item\":\"https:\\\/\\\/www.marielngeffray.com\\\/\"},{\"@type\":\"ListItem\",\"position\":2,\"name\":\"Boutique\",\"item\":\"https:\\\/\\\/www.marielngeffray.com\\\/index.php\\\/boutique\\\/\"},{\"@type\":\"ListItem\",\"position\":3,\"name\":\"Fiche technique &#8211; Mini album \u00ab\u00a0Ensemble\u00a0\u00bb \u00e0 t\u00e9l\u00e9charger\"}]},{\"@type\":\"WebSite\",\"@id\":\"https:\\\/\\\/www.marielngeffray.com\\\/#website\",\"url\":\"https:\\\/\\\/www.marielngeffray.com\\\/\",\"name\":\"Marie-LN Geffray\",\"description\":\"\",\"publisher\":{\"@id\":\"https:\\\/\\\/www.marielngeffray.com\\\/#organization\"},\"potentialAction\":[{\"@type\":\"SearchAction\",\"target\":{\"@type\":\"EntryPoint\",\"urlTemplate\":\"https:\\\/\\\/www.marielngeffray.com\\\/?s={search_term_string}\"},\"query-input\":{\"@type\":\"PropertyValueSpecification\",\"valueRequired\":true,\"valueName\":\"search_term_string\"}}],\"inLanguage\":\"fr-FR\"},{\"@type\":\"Organization\",\"@id\":\"https:\\\/\\\/www.marielngeffray.com\\\/#organization\",\"name\":\"Marie-LN Geffray\",\"url\":\"https:\\\/\\\/www.marielngeffray.com\\\/\",\"logo\":{\"@type\":\"ImageObject\",\"inLanguage\":\"fr-FR\",\"@id\":\"https:\\\/\\\/www.marielngeffray.com\\\/#\\\/schema\\\/logo\\\/image\\\/\",\"url\":\"https:\\\/\\\/www.marielngeffray.com\\\/wp-content\\\/uploads\\\/2020\\\/06\\\/logo-signature.png\",\"contentUrl\":\"https:\\\/\\\/www.marielngeffray.com\\\/wp-content\\\/uploads\\\/2020\\\/06\\\/logo-signature.png\",\"width\":1091,\"height\":160,\"caption\":\"Marie-LN Geffray\"},\"image\":{\"@id\":\"https:\\\/\\\/www.marielngeffray.com\\\/#\\\/schema\\\/logo\\\/image\\\/\"},\"sameAs\":[\"https:\\\/\\\/www.facebook.com\\\/marielngeffray\",\"https:\\\/\\\/www.instagram.com\\\/marielngeffray\\\/\",\"https:\\\/\\\/www.youtube.com\\\/channel\\\/UCMTVmMDenytpISqEM-Awxcg\"]}]}<\/script>\n<!-- \/ Yoast SEO plugin. -->","yoast_head_json":{"title":"Fiche technique - Mini album \"Ensemble\" \u00e0 t\u00e9l\u00e9charger -","robots":{"index":"index","follow":"follow","max-snippet":"max-snippet:-1","max-image-preview":"max-image-preview:large","max-video-preview":"max-video-preview:-1"},"canonical":"https:\/\/www.marielngeffray.com\/index.php\/produit\/fiche-technique-mini-album-ensemble-a-telecharger\/","og_locale":"fr_FR","og_type":"article","og_title":"Fiche technique - Mini album \"Ensemble\" \u00e0 t\u00e9l\u00e9charger -","og_url":"https:\/\/www.marielngeffray.com\/index.php\/produit\/fiche-technique-mini-album-ensemble-a-telecharger\/","article_publisher":"https:\/\/www.facebook.com\/marielngeffray","article_modified_time":"2022-10-27T10:06:27+00:00","og_image":[{"width":480,"height":700,"url":"https:\/\/www.marielngeffray.com\/wp-content\/uploads\/2022\/10\/mini-album-ensemble-visuel-red.jpg","type":"image\/jpeg"}],"twitter_card":"summary_large_image","schema":{"@context":"https:\/\/schema.org","@graph":[{"@type":"WebPage","@id":"https:\/\/www.marielngeffray.com\/index.php\/produit\/fiche-technique-mini-album-ensemble-a-telecharger\/","url":"https:\/\/www.marielngeffray.com\/index.php\/produit\/fiche-technique-mini-album-ensemble-a-telecharger\/","name":"Fiche technique - Mini album \"Ensemble\" \u00e0 t\u00e9l\u00e9charger -","isPartOf":{"@id":"https:\/\/www.marielngeffray.com\/#website"},"primaryImageOfPage":{"@id":"https:\/\/www.marielngeffray.com\/index.php\/produit\/fiche-technique-mini-album-ensemble-a-telecharger\/#primaryimage"},"image":{"@id":"https:\/\/www.marielngeffray.com\/index.php\/produit\/fiche-technique-mini-album-ensemble-a-telecharger\/#primaryimage"},"thumbnailUrl":"https:\/\/www.marielngeffray.com\/wp-content\/uploads\/2022\/10\/mini-album-ensemble-visuel-red.jpg","datePublished":"2022-10-27T10:04:44+00:00","dateModified":"2022-10-27T10:06:27+00:00","breadcrumb":{"@id":"https:\/\/www.marielngeffray.com\/index.php\/produit\/fiche-technique-mini-album-ensemble-a-telecharger\/#breadcrumb"},"inLanguage":"fr-FR","potentialAction":[{"@type":"ReadAction","target":["https:\/\/www.marielngeffray.com\/index.php\/produit\/fiche-technique-mini-album-ensemble-a-telecharger\/"]}]},{"@type":"ImageObject","inLanguage":"fr-FR","@id":"https:\/\/www.marielngeffray.com\/index.php\/produit\/fiche-technique-mini-album-ensemble-a-telecharger\/#primaryimage","url":"https:\/\/www.marielngeffray.com\/wp-content\/uploads\/2022\/10\/mini-album-ensemble-visuel-red.jpg","contentUrl":"https:\/\/www.marielngeffray.com\/wp-content\/uploads\/2022\/10\/mini-album-ensemble-visuel-red.jpg","width":480,"height":700},{"@type":"BreadcrumbList","@id":"https:\/\/www.marielngeffray.com\/index.php\/produit\/fiche-technique-mini-album-ensemble-a-telecharger\/#breadcrumb","itemListElement":[{"@type":"ListItem","position":1,"name":"Accueil","item":"https:\/\/www.marielngeffray.com\/"},{"@type":"ListItem","position":2,"name":"Boutique","item":"https:\/\/www.marielngeffray.com\/index.php\/boutique\/"},{"@type":"ListItem","position":3,"name":"Fiche technique &#8211; Mini album \u00ab\u00a0Ensemble\u00a0\u00bb \u00e0 t\u00e9l\u00e9charger"}]},{"@type":"WebSite","@id":"https:\/\/www.marielngeffray.com\/#website","url":"https:\/\/www.marielngeffray.com\/","name":"Marie-LN Geffray","description":"","publisher":{"@id":"https:\/\/www.marielngeffray.com\/#organization"},"potentialAction":[{"@type":"SearchAction","target":{"@type":"EntryPoint","urlTemplate":"https:\/\/www.marielngeffray.com\/?s={search_term_string}"},"query-input":{"@type":"PropertyValueSpecification","valueRequired":true,"valueName":"search_term_string"}}],"inLanguage":"fr-FR"},{"@type":"Organization","@id":"https:\/\/www.marielngeffray.com\/#organization","name":"Marie-LN Geffray","url":"https:\/\/www.marielngeffray.com\/","logo":{"@type":"ImageObject","inLanguage":"fr-FR","@id":"https:\/\/www.marielngeffray.com\/#\/schema\/logo\/image\/","url":"https:\/\/www.marielngeffray.com\/wp-content\/uploads\/2020\/06\/logo-signature.png","contentUrl":"https:\/\/www.marielngeffray.com\/wp-content\/uploads\/2020\/06\/logo-signature.png","width":1091,"height":160,"caption":"Marie-LN Geffray"},"image":{"@id":"https:\/\/www.marielngeffray.com\/#\/schema\/logo\/image\/"},"sameAs":["https:\/\/www.facebook.com\/marielngeffray","https:\/\/www.instagram.com\/marielngeffray\/","https:\/\/www.youtube.com\/channel\/UCMTVmMDenytpISqEM-Awxcg"]}]}},"_links":{"self":[{"href":"https:\/\/www.marielngeffray.com\/index.php\/wp-json\/wp\/v2\/product\/47810","targetHints":{"allow":["GET"]}}],"collection":[{"href":"https:\/\/www.marielngeffray.com\/index.php\/wp-json\/wp\/v2\/product"}],"about":[{"href":"https:\/\/www.marielngeffray.com\/index.php\/wp-json\/wp\/v2\/types\/product"}],"replies":[{"embeddable":true,"href":"https:\/\/www.marielngeffray.com\/index.php\/wp-json\/wp\/v2\/comments?post=47810"}],"wp:featuredmedia":[{"embeddable":true,"href":"https:\/\/www.marielngeffray.com\/index.php\/wp-json\/wp\/v2\/media\/47814"}],"wp:attachment":[{"href":"https:\/\/www.marielngeffray.com\/index.php\/wp-json\/wp\/v2\/media?parent=47810"}],"wp:term":[{"taxonomy":"product_brand","embeddable":true,"href":"https:\/\/www.marielngeffray.com\/index.php\/wp-json\/wp\/v2\/product_brand?post=47810"},{"taxonomy":"product_cat","embeddable":true,"href":"https:\/\/www.marielngeffray.com\/index.php\/wp-json\/wp\/v2\/product_cat?post=47810"},{"taxonomy":"product_tag","embeddable":true,"href":"https:\/\/www.marielngeffray.com\/index.php\/wp-json\/wp\/v2\/product_tag?post=47810"}],"curies":[{"name":"wp","href":"https:\/\/api.w.org\/{rel}","templated":true}]}}